{"id":21135,"date":"2019-07-09T11:55:59","date_gmt":"2019-07-09T09:55:59","guid":{"rendered":"https:\/\/www.technodat.at\/technodat-team\/"},"modified":"2026-03-04T12:14:01","modified_gmt":"2026-03-04T11:14:01","slug":"technodat-team","status":"publish","type":"page","link":"https:\/\/www.technodat.at\/en\/technodat-team\/","title":{"rendered":"Technodat Team"},"content":{"rendered":"\n<h2 class=\"wp-block-heading\" id=\"ihre-ansprechpartner-in-sachen-syneris\">Your Contact Persons for syneris <\/h2>\n\n<p style=\"font-size:18px\">Many years of experience, technological know-how and business process knowledge in the individual sectors enable our employees to develop software products tailored to the application and implement projects successfully.<\/p>\n\n<div style=\"height:25px\" aria-hidden=\"true\" class=\"wp-block-spacer\"><\/div>\n<style>\r\n\t#wpcpro-wrapper #sp-wp-carousel-pro-id-14884.sp-wpcp-14884 .wpcp-all-captions .wpcp-image-caption a,\r\n\t#wpcpro-wrapper #sp-wp-carousel-pro-id-14884.sp-wpcp-14884 .wpcp-all-captions .wpcp-image-caption {\r\n\t\t\tcolor: #ffffff;\r\n\t\t\tfont-size: 19px;\r\n\t\t\tline-height: 22px;\r\n\t\t\tletter-spacing: 0px;\r\n\t\t\ttext-transform: capitalize;\r\n\t\t\ttext-align: center;\r\n\t\t\tfont-family: Open Sans;\r\n\t\t\tfont-weight: 700;\r\n\t\t\tfont-style: normal;\r\n\t\t}\r\n\t\t#wpcpro-wrapper #sp-wp-carousel-pro-id-14884.sp-wpcp-14884 .wpcp-all-captions .wpcp-image-description {\r\n\t\t\tcolor: #ffffff;\r\n\t\t\tfont-size: 13px;\r\n\t\t\tline-height: 15px;\r\n\t\t\tletter-spacing: 0px;\r\n\t\t\ttext-transform: none;\r\n\t\t\ttext-align: center;\r\n\t\t\tfont-family: Open Sans;\r\n\t\t\tfont-weight: normal;\r\n\t\t\tfont-style: normal;}\r\n\t#wpcpro-wrapper #sp-wp-carousel-pro-id-14884.wpcp-carousel-section.sp-wpcp-14884 .slick-prev,\r\n\t#wpcpro-wrapper #sp-wp-carousel-pro-id-14884.wpcp-carousel-section.sp-wpcp-14884 .slick-next,\r\n\t#wpcpro-wrapper #sp-wp-carousel-pro-id-14884.wpcp-carousel-section.sp-wpcp-14884 .slick-prev:hover,\r\n\t#wpcpro-wrapper #sp-wp-carousel-pro-id-14884.wpcp-carousel-section.sp-wpcp-14884 .slick-next:hover {\r\n\t\t\tbackground: none;\r\n\t\t\tborder: none;\r\n\t\t\tfont-size: 30px;\r\n\t\t}\r\n\t\t#wpcpro-wrapper #sp-wp-carousel-pro-id-14884.wpcp-carousel-section.sp-wpcp-14884 .slick-prev,\r\n\t\t#wpcpro-wrapper #sp-wp-carousel-pro-id-14884.wpcp-carousel-section.sp-wpcp-14884 .slick-next {\r\n\t\t\tcolor: #aaa;\r\n\t\t}\r\n\t\t#wpcpro-wrapper #sp-wp-carousel-pro-id-14884.wpcp-carousel-section.sp-wpcp-14884 .slick-prev:hover,\r\n\t\t#wpcpro-wrapper #sp-wp-carousel-pro-id-14884.wpcp-carousel-section.sp-wpcp-14884 .slick-next:hover {\r\n\t\t\tcolor: #fff;\r\n\t\t}\r\n\t\t#wpcpro-wrapper #sp-wp-carousel-pro-id-14884.wpcp-carousel-section.sp-wpcp-14884.nav-vertical-center {\r\n\t\t\tpadding: 0 30px;\r\n\t\t}\r\n\t\t#wpcpro-wrapper #sp-wp-carousel-pro-id-14884.wpcp-carousel-section.sp-wpcp-14884 .slick-prev {\r\n\t\t\ttext-align: left;\r\n\t\t}\r\n\t\t#wpcpro-wrapper #sp-wp-carousel-pro-id-14884.wpcp-carousel-section.sp-wpcp-14884 .slick-next {\r\n\t\t\ttext-align: right;\r\n\t\t}\r\n\t#wpcpro-wrapper #sp-wp-carousel-pro-id-14884.sp-wpcp-14884.nav-vertical-center-inner-hover.slick-dotted .slick-next,\r\n\t#wpcpro-wrapper #sp-wp-carousel-pro-id-14884.wpcp-carousel-section.sp-wpcp-14884.nav-vertical-center-inner-hover.slick-dotted .slick-prev,\r\n\t#wpcpro-wrapper #sp-wp-carousel-pro-id-14884.wpcp-carousel-section.sp-wpcp-14884.nav-vertical-center-inner.slick-dotted .slick-next,\r\n\t#wpcpro-wrapper #sp-wp-carousel-pro-id-14884.wpcp-carousel-section.sp-wpcp-14884.nav-vertical-center-inner.slick-dotted .slick-prev,\r\n\t#wpcpro-wrapper #sp-wp-carousel-pro-id-14884.wpcp-carousel-section.sp-wpcp-14884.nav-vertical-center.slick-dotted .slick-next,\r\n\t#wpcpro-wrapper #sp-wp-carousel-pro-id-14884.wpcp-carousel-section.sp-wpcp-14884.nav-vertical-center.slick-dotted .slick-prev {\r\n\t\t\tmargin-top: -35px;\r\n\t\t}\r\n\t#wpcpro-wrapper #sp-wp-carousel-pro-id-14884.wpcp-carousel-section.sp-wpcp-14884.detail-with-overlay .wpcp-all-captions {\r\n\t\t\tbackground: rgba(122,162,40,0.75);\r\n\t\t\tmargin: 5px;\r\n\t\t}\r\n\t\t#wpcpro-wrapper #sp-wp-carousel-pro-id-14884.wpcp-carousel-section.sp-wpcp-14884.detail-with-overlay .wpcp-all-captions {\r\n\t\t\tborder-radius: 5px;\r\n\t\t}\r\n#wpcpro-wrapper #sp-wp-carousel-pro-id-14884.wpcp-carousel-section.sp-wpcp-14884 ul.slick-dots {\r\n\t\tmargin: 18px 0px 0px 0px;\r\n\t}\r\n\t#wpcpro-wrapper #sp-wp-carousel-pro-id-14884.wpcp-carousel-section.sp-wpcp-14884 ul.slick-dots li button {\r\n\t\tbackground-color: #cccccc;\r\n\t}\r\n\t#wpcpro-wrapper #sp-wp-carousel-pro-id-14884.wpcp-carousel-section.sp-wpcp-14884 ul.slick-dots li.slick-active button {\r\n\t\tbackground-color: #7aa228;\r\n\t}\r\n\t#wpcpro-wrapper #sp-wp-carousel-pro-id-14884.wpcp-carousel-section.sp-wpcp-14884:not(.wpcp-product-carousel) .wpcp-single-item {\r\n\t\tborder: 5px none #9aa38a;\r\n\t\tpadding: 5px;\r\n\t}\r\n\r\n\t\t.wpcp-carousel-wrapper.wpcp-wrapper-14884{\r\n\t\t\tposition: relative;\r\n\t\t}\r\n\t\t#wpcp-preloader-14884{\r\n\t\t\tbackground: #fff;\r\n\t\t\tposition: absolute;\r\n\t\t\tleft: 0;\r\n\t\t\ttop: 0;\r\n\t\t\theight: 100%;\r\n\t\t\twidth: 100%;\r\n\t\t\ttext-align: center;\r\n\t\t\tdisplay: flex;\r\n\t\t\talign-items: center;\r\n\t\t\tjustify-content: center;\r\n\t\t\tz-index: 999;\r\n\t\t}\r\n\t\t\r\n\t\t@media screen and (max-width: 479px) {\r\n\t\t\t#wpcpro-wrapper #sp-wp-carousel-pro-id-14884.wpcp-carousel-section.sp-wpcp-14884.nav-top-left,\r\n\t\t\t#wpcpro-wrapper #sp-wp-carousel-pro-id-14884.wpcp-carousel-section.sp-wpcp-14884.nav-top-center,\r\n\t\t\t#wpcpro-wrapper #sp-wp-carousel-pro-id-14884.wpcp-carousel-section.sp-wpcp-14884.nav-top-right {\r\n\t\t\t\tpadding-top: 0;\r\n\t\t\t}\r\n\t\t\t#wpcpro-wrapper #sp-wp-carousel-pro-id-14884.wpcp-carousel-section.sp-wpcp-14884.nav-bottom-left,\r\n\t\t\t#wpcpro-wrapper #sp-wp-carousel-pro-id-14884.wpcp-carousel-section.sp-wpcp-14884.nav-bottom-center, \r\n\t\t\t#wpcpro-wrapper #sp-wp-carousel-pro-id-14884.wpcp-carousel-section.sp-wpcp-14884.nav-bottom-right{\r\n\t\t\t\tpadding-bottom: 0;\r\n\t\t\t}\r\n\t\t\t#wpcpro-wrapper #sp-wp-carousel-pro-id-14884.wpcp-carousel-section.nav-vertical-center {\r\n\t\t\t\tpadding: 0;\r\n\t\t\t}\r\n\t\t}\r\n\t\t\t#wpcpro-wrapper #sp-wp-carousel-pro-id-14884.wpcp-carousel-section.sp-wpcp-14884 .slick-list {\r\n\t\t\tmargin-right: -20px;\r\n\t\t}\r\n\t#wpcpro-wrapper #sp-wp-carousel-pro-id-14884.wpcp-carousel-section.sp-wpcp-14884 .slick-slide {\r\n\t\t\tmargin-right: 20px;\r\n\t\t}\r\n\t@media screen and (min-width: 981px) {\r\n\t\t#wpcpro-wrapper #sp-wp-carousel-pro-id-14884.wpcp-carousel-section.sp-wpcp-14884:not(.wpcp-content-carousel) .wpcp-single-item img { max-height:300px; }\r\n\t}\r\n\t@media screen and (min-width: 737px) and (max-width: 980px) {\r\n\t\t#wpcpro-wrapper #sp-wp-carousel-pro-id-14884.wpcp-carousel-section.sp-wpcp-14884:not(.wpcp-content-carousel) .wpcp-single-item img { max-height:300px; }\r\n\t}\r\n\t@media screen and (min-width: 481px) and (max-width: 736px) {\r\n\t\t#wpcpro-wrapper #sp-wp-carousel-pro-id-14884.wpcp-carousel-section.sp-wpcp-14884:not(.wpcp-content-carousel) .wpcp-single-item img { max-height:200px; }\r\n\t}\r\n\t@media screen and  (max-width: 480px) {\r\n\t\t#wpcpro-wrapper #sp-wp-carousel-pro-id-14884.wpcp-carousel-section.sp-wpcp-14884:not(.wpcp-content-carousel) .wpcp-single-item img { max-height:220px; }\r\n\t}\r\n\t#wpcpro-wrapper #sp-wp-carousel-pro-id-14884.sp-wpcp-14884 .wpcp-slide-image img,\r\n\t#wpcpro-wrapper #sp-wp-carousel-pro-id-14884.sp-wpcp-14884.wpcp-product-carousel .wpcp-slide-image a {\r\n\t\tborder-radius: 5px;\r\n\t}\r\n\t\t#wpcpro-wrapper #sp-wp-carousel-pro-id-14884.sp-wpcp-14884:not(.wpcp-product-carousel):not(.wpcp-content-carousel) .wpcp-single-item {\r\n\t\t\tbackground: #f9f9f9;\r\n\t\t}\r\n\t\t<\/style>\r\n<div id=\"wpcpro-wrapper\" class=\"wpcp-carousel-wrapper wpcp-wrapper-14884\"><div id=\"wpcp-preloader-14884\" class=\"wpcp-carousel-preloader\"><img decoding=\"async\" src=\" https:\/\/www.technodat.at\/wp-content\/plugins\/wp-carousel-pro\/public\/css\/bx_loader.gif \" alt=\"\"><\/div><div id=\"sp-wp-carousel-pro-id-14884\" class=\"wpcp-carousel-section sp-wpcp-14884 wpcp-image-carousel detail-with-overlay overlay-on-hover wpcp-preloader nav-vertical-center wpcp-standard\" data-slick='{ \"accessibility\":true, \"centerMode\":false, \"centerPadding\": \"0px\", \"swipeToSlide\":false, \"adaptiveHeight\":false, \"arrows\":true, \"autoplay\":true, \"autoplaySpeed\":3000, \"dots\":true, \"infinite\":true, \"speed\":600, \"pauseOnHover\":true, \"slidesToScroll\":1, \"slidesToShow\":3, \"responsive\":[ { \"breakpoint\":1200, \"settings\": { \"slidesToShow\":3, \"slidesToScroll\":1, \"centerPadding\": \"0px\"} }, { \"breakpoint\":980, \"settings\":{ \"slidesToShow\":3, \"slidesToScroll\":1, \"centerPadding\": \"0px\" } }, { \"breakpoint\":736, \"settings\": { \"slidesToShow\":2, \"slidesToScroll\":1, \"centerPadding\": \"0px\" } }, {\"breakpoint\":480, \"settings\":{ \"slidesToShow\":1, \"slidesToScroll\":1, \"arrows\": false, \"dots\": true, \"centerPadding\": \"0px\" } } ], \"rows\":1, \"rtl\":false, \"variableWidth\":false, \"fade\":false, \"lazyLoad\": \"false\", \"swipe\": true, \"draggable\": true }' data-arrowtype=\"angle\" dir=\"ltr\" dir=\"ltr\"><div class=\"wpcp-single-item\"><div class=\"wpcp-slide-image\"><img loading=\"lazy\" decoding=\"async\" src=\"https:\/\/www.technodat.at\/wp-content\/uploads\/2022\/03\/Team-Technodat-Andreas-Wimmer-1024x816.jpg\" title=\"Team Technodat Andreas Wimmer\" alt=\"Andreas Wimmer, Technodat - Gesch\u00e4ftsf\u00fchrung\" width=\"900\" height=\"717\"><\/div><div class=\"wpcp-all-captions\"><h2 class=\"wpcp-image-caption\">ANDREAS WIMMER<\/h2><p class=\"wpcp-image-description\">GESCH\u00c4FTSF\u00dcHRUNG <br\/><br\/>Seit \u00fcber 20 Jahren im Unternehmen lenkt<br\/>der geb\u00fcrtige Linzer seit 2013 die Geschicke des Salzburger Softwarehauses. Ihm zur Seite stehen Helmut Haller, Christoph Wegscheider und Martin Haberl. <\/p><\/div><\/div><div class=\"wpcp-single-item\"><div class=\"wpcp-slide-image\"><img loading=\"lazy\" decoding=\"async\" src=\"https:\/\/www.technodat.at\/wp-content\/uploads\/2022\/03\/Team-Technodat-Helmut-Haller-1024x816.jpg\" title=\"Team Technodat Helmut Haller\" alt=\"Helmut Haller, Technodat - Leiter Projektierung\" width=\"900\" height=\"717\"><\/div><div class=\"wpcp-all-captions\"><h2 class=\"wpcp-image-caption\">HELMUT HALLER<\/h2><p class=\"wpcp-image-description\">LEITER PROJEKTIERUNG<br\/><br\/>Mit 25 Jahren Firmenzugeh\u00f6rigkeit leitet er das Team der Projektleiter und Support-Mitarbeiter und ist als Ansprechpartner f\u00fcr zahlreiche Gro\u00dfkunden als Software Project Consultant t\u00e4tig. <\/p><\/div><\/div><div class=\"wpcp-single-item\"><div class=\"wpcp-slide-image\"><img loading=\"lazy\" decoding=\"async\" src=\"https:\/\/www.technodat.at\/wp-content\/uploads\/2022\/03\/Team-Technodat-Christoph-Wegscheider-1024x816.jpg\" title=\"Team Technodat Christoph Wegscheider\" alt=\"Christoph Wegscheider, Technodat - Leiter Entwicklung\" width=\"900\" height=\"717\"><\/div><div class=\"wpcp-all-captions\"><h2 class=\"wpcp-image-caption\">CHRISTOPH WEGSCHEIDER<\/h2><p class=\"wpcp-image-description\">LEITER ENTWICKLUNG<br\/><br\/>\nAls langj\u00e4hriger Leiter des Developerteams im Hause TECHNODAT ist er f\u00fcr die Entwicklung leistungsstarker Softwarel\u00f6sungen zust\u00e4ndig und arbeitet eng mit dem Projektleiterteam zusammen. <\/p><\/div><\/div><\/div><\/div>\n\n<div style=\"height:15px\" aria-hidden=\"true\" class=\"wp-block-spacer\"><\/div>\n<style>\r\n\t#wpcpro-wrapper #sp-wp-carousel-pro-id-14894.sp-wpcp-14894 .wpcp-all-captions .wpcp-image-caption a,\r\n\t#wpcpro-wrapper #sp-wp-carousel-pro-id-14894.sp-wpcp-14894 .wpcp-all-captions .wpcp-image-caption {\r\n\t\t\tcolor: #ffffff;\r\n\t\t\tfont-size: 20px;\r\n\t\t\tline-height: 22px;\r\n\t\t\tletter-spacing: 0px;\r\n\t\t\ttext-transform: capitalize;\r\n\t\t\ttext-align: center;\r\n\t\t\tfont-family: Open Sans;\r\n\t\t\tfont-weight: 700;\r\n\t\t\tfont-style: normal;\r\n\t\t}\r\n\t\t#wpcpro-wrapper #sp-wp-carousel-pro-id-14894.sp-wpcp-14894 .wpcp-all-captions .wpcp-image-description {\r\n\t\t\tcolor: #ffffff;\r\n\t\t\tfont-size: 13px;\r\n\t\t\tline-height: 16px;\r\n\t\t\tletter-spacing: 0px;\r\n\t\t\ttext-transform: none;\r\n\t\t\ttext-align: center;\r\n\t\t\tfont-family: Open Sans;\r\n\t\t\tfont-weight: normal;\r\n\t\t\tfont-style: normal;}\r\n\t#wpcpro-wrapper #sp-wp-carousel-pro-id-14894.wpcp-carousel-section.sp-wpcp-14894 .slick-prev,\r\n\t#wpcpro-wrapper #sp-wp-carousel-pro-id-14894.wpcp-carousel-section.sp-wpcp-14894 .slick-next,\r\n\t#wpcpro-wrapper #sp-wp-carousel-pro-id-14894.wpcp-carousel-section.sp-wpcp-14894 .slick-prev:hover,\r\n\t#wpcpro-wrapper #sp-wp-carousel-pro-id-14894.wpcp-carousel-section.sp-wpcp-14894 .slick-next:hover {\r\n\t\t\tbackground: none;\r\n\t\t\tborder: none;\r\n\t\t\tfont-size: 30px;\r\n\t\t}\r\n\t\t#wpcpro-wrapper #sp-wp-carousel-pro-id-14894.wpcp-carousel-section.sp-wpcp-14894 .slick-prev,\r\n\t\t#wpcpro-wrapper #sp-wp-carousel-pro-id-14894.wpcp-carousel-section.sp-wpcp-14894 .slick-next {\r\n\t\t\tcolor: #aaa;\r\n\t\t}\r\n\t\t#wpcpro-wrapper #sp-wp-carousel-pro-id-14894.wpcp-carousel-section.sp-wpcp-14894 .slick-prev:hover,\r\n\t\t#wpcpro-wrapper #sp-wp-carousel-pro-id-14894.wpcp-carousel-section.sp-wpcp-14894 .slick-next:hover {\r\n\t\t\tcolor: #fff;\r\n\t\t}\r\n\t\t#wpcpro-wrapper #sp-wp-carousel-pro-id-14894.wpcp-carousel-section.sp-wpcp-14894.nav-vertical-center {\r\n\t\t\tpadding: 0 30px;\r\n\t\t}\r\n\t\t#wpcpro-wrapper #sp-wp-carousel-pro-id-14894.wpcp-carousel-section.sp-wpcp-14894 .slick-prev {\r\n\t\t\ttext-align: left;\r\n\t\t}\r\n\t\t#wpcpro-wrapper #sp-wp-carousel-pro-id-14894.wpcp-carousel-section.sp-wpcp-14894 .slick-next {\r\n\t\t\ttext-align: right;\r\n\t\t}\r\n\t#wpcpro-wrapper #sp-wp-carousel-pro-id-14894.sp-wpcp-14894.nav-vertical-center-inner-hover.slick-dotted .slick-next,\r\n\t#wpcpro-wrapper #sp-wp-carousel-pro-id-14894.wpcp-carousel-section.sp-wpcp-14894.nav-vertical-center-inner-hover.slick-dotted .slick-prev,\r\n\t#wpcpro-wrapper #sp-wp-carousel-pro-id-14894.wpcp-carousel-section.sp-wpcp-14894.nav-vertical-center-inner.slick-dotted .slick-next,\r\n\t#wpcpro-wrapper #sp-wp-carousel-pro-id-14894.wpcp-carousel-section.sp-wpcp-14894.nav-vertical-center-inner.slick-dotted .slick-prev,\r\n\t#wpcpro-wrapper #sp-wp-carousel-pro-id-14894.wpcp-carousel-section.sp-wpcp-14894.nav-vertical-center.slick-dotted .slick-next,\r\n\t#wpcpro-wrapper #sp-wp-carousel-pro-id-14894.wpcp-carousel-section.sp-wpcp-14894.nav-vertical-center.slick-dotted .slick-prev {\r\n\t\t\tmargin-top: -35px;\r\n\t\t}\r\n\t#wpcpro-wrapper #sp-wp-carousel-pro-id-14894.wpcp-carousel-section.sp-wpcp-14894.detail-with-overlay .wpcp-all-captions {\r\n\t\t\tbackground: rgba(122,162,40,0.75);\r\n\t\t\tmargin: 5px;\r\n\t\t}\r\n\t\t#wpcpro-wrapper #sp-wp-carousel-pro-id-14894.wpcp-carousel-section.sp-wpcp-14894.detail-with-overlay .wpcp-all-captions {\r\n\t\t\tborder-radius: 5px;\r\n\t\t}\r\n#wpcpro-wrapper #sp-wp-carousel-pro-id-14894.wpcp-carousel-section.sp-wpcp-14894 ul.slick-dots {\r\n\t\tmargin: 18px 0px 0px 0px;\r\n\t}\r\n\t#wpcpro-wrapper #sp-wp-carousel-pro-id-14894.wpcp-carousel-section.sp-wpcp-14894 ul.slick-dots li button {\r\n\t\tbackground-color: #cccccc;\r\n\t}\r\n\t#wpcpro-wrapper #sp-wp-carousel-pro-id-14894.wpcp-carousel-section.sp-wpcp-14894 ul.slick-dots li.slick-active button {\r\n\t\tbackground-color: #7aa228;\r\n\t}\r\n\t#wpcpro-wrapper #sp-wp-carousel-pro-id-14894.wpcp-carousel-section.sp-wpcp-14894:not(.wpcp-product-carousel) .wpcp-single-item {\r\n\t\tborder: 5px none #9aa38a;\r\n\t\tpadding: 5px;\r\n\t}\r\n\r\n\t\t.wpcp-carousel-wrapper.wpcp-wrapper-14894{\r\n\t\t\tposition: relative;\r\n\t\t}\r\n\t\t#wpcp-preloader-14894{\r\n\t\t\tbackground: #fff;\r\n\t\t\tposition: absolute;\r\n\t\t\tleft: 0;\r\n\t\t\ttop: 0;\r\n\t\t\theight: 100%;\r\n\t\t\twidth: 100%;\r\n\t\t\ttext-align: center;\r\n\t\t\tdisplay: flex;\r\n\t\t\talign-items: center;\r\n\t\t\tjustify-content: center;\r\n\t\t\tz-index: 999;\r\n\t\t}\r\n\t\t\r\n\t\t@media screen and (max-width: 479px) {\r\n\t\t\t#wpcpro-wrapper #sp-wp-carousel-pro-id-14894.wpcp-carousel-section.sp-wpcp-14894.nav-top-left,\r\n\t\t\t#wpcpro-wrapper #sp-wp-carousel-pro-id-14894.wpcp-carousel-section.sp-wpcp-14894.nav-top-center,\r\n\t\t\t#wpcpro-wrapper #sp-wp-carousel-pro-id-14894.wpcp-carousel-section.sp-wpcp-14894.nav-top-right {\r\n\t\t\t\tpadding-top: 0;\r\n\t\t\t}\r\n\t\t\t#wpcpro-wrapper #sp-wp-carousel-pro-id-14894.wpcp-carousel-section.sp-wpcp-14894.nav-bottom-left,\r\n\t\t\t#wpcpro-wrapper #sp-wp-carousel-pro-id-14894.wpcp-carousel-section.sp-wpcp-14894.nav-bottom-center, \r\n\t\t\t#wpcpro-wrapper #sp-wp-carousel-pro-id-14894.wpcp-carousel-section.sp-wpcp-14894.nav-bottom-right{\r\n\t\t\t\tpadding-bottom: 0;\r\n\t\t\t}\r\n\t\t\t#wpcpro-wrapper #sp-wp-carousel-pro-id-14894.wpcp-carousel-section.nav-vertical-center {\r\n\t\t\t\tpadding: 0;\r\n\t\t\t}\r\n\t\t}\r\n\t\t\t#wpcpro-wrapper #sp-wp-carousel-pro-id-14894.wpcp-carousel-section.sp-wpcp-14894 .slick-list {\r\n\t\t\tmargin-right: -20px;\r\n\t\t}\r\n\t#wpcpro-wrapper #sp-wp-carousel-pro-id-14894.wpcp-carousel-section.sp-wpcp-14894 .slick-slide {\r\n\t\t\tmargin-right: 20px;\r\n\t\t}\r\n\t@media screen and (min-width: 981px) {\r\n\t\t#wpcpro-wrapper #sp-wp-carousel-pro-id-14894.wpcp-carousel-section.sp-wpcp-14894:not(.wpcp-content-carousel) .wpcp-single-item img { max-height:300px; }\r\n\t}\r\n\t@media screen and (min-width: 737px) and (max-width: 980px) {\r\n\t\t#wpcpro-wrapper #sp-wp-carousel-pro-id-14894.wpcp-carousel-section.sp-wpcp-14894:not(.wpcp-content-carousel) .wpcp-single-item img { max-height:300px; }\r\n\t}\r\n\t@media screen and (min-width: 481px) and (max-width: 736px) {\r\n\t\t#wpcpro-wrapper #sp-wp-carousel-pro-id-14894.wpcp-carousel-section.sp-wpcp-14894:not(.wpcp-content-carousel) .wpcp-single-item img { max-height:200px; }\r\n\t}\r\n\t@media screen and  (max-width: 480px) {\r\n\t\t#wpcpro-wrapper #sp-wp-carousel-pro-id-14894.wpcp-carousel-section.sp-wpcp-14894:not(.wpcp-content-carousel) .wpcp-single-item img { max-height:250px; }\r\n\t}\r\n\t#wpcpro-wrapper #sp-wp-carousel-pro-id-14894.sp-wpcp-14894 .wpcp-slide-image img,\r\n\t#wpcpro-wrapper #sp-wp-carousel-pro-id-14894.sp-wpcp-14894.wpcp-product-carousel .wpcp-slide-image a {\r\n\t\tborder-radius: 5px;\r\n\t}\r\n\t\t#wpcpro-wrapper #sp-wp-carousel-pro-id-14894.sp-wpcp-14894:not(.wpcp-product-carousel):not(.wpcp-content-carousel) .wpcp-single-item {\r\n\t\t\tbackground: #f9f9f9;\r\n\t\t}\r\n\t\t<\/style>\r\n<div id=\"wpcpro-wrapper\" class=\"wpcp-carousel-wrapper wpcp-wrapper-14894\"><div id=\"wpcp-preloader-14894\" class=\"wpcp-carousel-preloader\"><img decoding=\"async\" src=\" https:\/\/www.technodat.at\/wp-content\/plugins\/wp-carousel-pro\/public\/css\/bx_loader.gif \" alt=\"\"><\/div><div id=\"sp-wp-carousel-pro-id-14894\" class=\"wpcp-carousel-section sp-wpcp-14894 wpcp-image-carousel detail-with-overlay overlay-on-hover wpcp-preloader nav-vertical-center wpcp-standard\" data-slick='{ \"accessibility\":true, \"centerMode\":false, \"centerPadding\": \"0px\", \"swipeToSlide\":false, \"adaptiveHeight\":false, \"arrows\":true, \"autoplay\":true, \"autoplaySpeed\":3000, \"dots\":true, \"infinite\":true, \"speed\":600, \"pauseOnHover\":true, \"slidesToScroll\":1, \"slidesToShow\":3, \"responsive\":[ { \"breakpoint\":1200, \"settings\": { \"slidesToShow\":3, \"slidesToScroll\":1, \"centerPadding\": \"0px\"} }, { \"breakpoint\":980, \"settings\":{ \"slidesToShow\":3, \"slidesToScroll\":1, \"centerPadding\": \"0px\" } }, { \"breakpoint\":736, \"settings\": { \"slidesToShow\":2, \"slidesToScroll\":1, \"centerPadding\": \"0px\" } }, {\"breakpoint\":480, \"settings\":{ \"slidesToShow\":1, \"slidesToScroll\":1, \"arrows\": false, \"dots\": true, \"centerPadding\": \"0px\" } } ], \"rows\":1, \"rtl\":false, \"variableWidth\":false, \"fade\":false, \"lazyLoad\": \"false\", \"swipe\": true, \"draggable\": true }' data-arrowtype=\"angle\" dir=\"ltr\" dir=\"ltr\"><div class=\"wpcp-single-item\"><div class=\"wpcp-slide-image\"><img loading=\"lazy\" decoding=\"async\" src=\"https:\/\/www.technodat.at\/wp-content\/uploads\/2022\/03\/Team-Technodat-Ursula-Potter-1024x816.jpg\" title=\"Team Technodat Ursula Potter\" alt=\"Ursula Potter, Technodat - Vertrieb, Beratung\" width=\"900\" height=\"717\"><\/div><div class=\"wpcp-all-captions\"><h2 class=\"wpcp-image-caption\">URSULA POTTER<\/h2><p class=\"wpcp-image-description\">VERTRIEB | BERATUNG<br\/><br\/>Als erste Anlaufstelle f\u00fcr Interessenten in Sachen syneris ist sie auch als Webinarmoderatorin im Einsatz. <\/p><\/div><\/div><div class=\"wpcp-single-item\"><div class=\"wpcp-slide-image\"><img loading=\"lazy\" decoding=\"async\" src=\"https:\/\/www.technodat.at\/wp-content\/uploads\/2022\/03\/Team-Technodat-Martin-Haberl-1024x816.jpg\" title=\"Team Technodat Martin Haberl\" alt=\"Martin Haberl, Technodat - Prokurist | Entwicklung\/Projektierung\" width=\"900\" height=\"717\"><\/div><div class=\"wpcp-all-captions\"><h2 class=\"wpcp-image-caption\">MARTIN HABERL<\/h2><p class=\"wpcp-image-description\">ENTWICKLUNG | PROJEKTIERUNG <br\/>\nDer Mehrheitseigent\u00fcmer ist sowohl als Entwickler als auch als Projektleiter im 1980 gegr\u00fcndeten Softwarehaus t\u00e4tig und k\u00fcmmert sich um die Ausbildung neuer Mitarbeiter.<\/p><\/div><\/div><div class=\"wpcp-single-item\"><div class=\"wpcp-slide-image\"><a href=\"https:\/\/www.technodat.at\/jobs\/#offene-jobs-1\" target=\"_self\"><img loading=\"lazy\" decoding=\"async\" src=\"https:\/\/www.technodat.at\/wp-content\/uploads\/2022\/03\/TeamTDV_Platzhalter-1024x816.png\" title=\"TeamTDV_Platzhalter\" alt=\"Wir suchen laufend Verst\u00e4rkung f\u00fcr unser Team\" width=\"900\" height=\"717\"><\/a><\/div><div class=\"wpcp-all-captions\"><h2 class=\"wpcp-image-caption\"><a href=\"https:\/\/www.technodat.at\/jobs\/#offene-jobs-1\" target=\"_self\">EIN NEUER MITARBEITER<\/a><\/h2><p class=\"wpcp-image-description\">JOIN THE TEAM<br\/><br\/>\nWir suchen neue Kollegen im Bereich Software Support und Software Projektleitung. Ein Job f\u00fcr dich? Alle Infos findest du unter Jobs.<\/p><\/div><\/div><\/div><\/div>\n\n<div style=\"height:25px\" aria-hidden=\"true\" class=\"wp-block-spacer\"><\/div>\n\n<p style=\"font-size:18px\">Our project teams are multidisciplinary covering the fields of business management, engineering and computer science.<\/p>\n\n<p>Ideal cooperation and satisfied customers are the best motivation for us and thus basis for our business activity.<\/p>\n\n<div style=\"height:50px\" aria-hidden=\"true\" class=\"wp-block-spacer\"><\/div>\n\n<div class=\"wp-block-columns is-layout-flex wp-container-core-columns-is-layout-9d6595d7 wp-block-columns-is-layout-flex\">\n<div class=\"wp-block-column is-layout-flow wp-block-column-is-layout-flow\">\n<div class=\"wp-block-media-text is-stacked-on-mobile\" style=\"grid-template-columns:34% auto\"><figure class=\"wp-block-media-text__media\"><img loading=\"lazy\" decoding=\"async\" width=\"638\" height=\"500\" src=\"https:\/\/www.technodat.at\/wp-content\/uploads\/2026\/03\/Icon_Team-1.png\" alt=\"Icon Team Technodat\" class=\"wp-image-25966 size-full\" srcset=\"https:\/\/www.technodat.at\/wp-content\/uploads\/2026\/03\/Icon_Team-1.png 638w, https:\/\/www.technodat.at\/wp-content\/uploads\/2026\/03\/Icon_Team-1-300x235.png 300w, https:\/\/www.technodat.at\/wp-content\/uploads\/2026\/03\/Icon_Team-1-100x78.png 100w\" sizes=\"auto, (max-width: 638px) 100vw, 638px\" \/><\/figure><div class=\"wp-block-media-text__content\">\n<p><br\/><a href=\"https:\/\/www.technodat.at\/en\/jobs-karriere\/#einblicke-in-unser-team\"><strong>Team Insights<\/strong><\/a><br\/><br\/>Meet some other dedicated and motivated colleagues<br\/><br\/><br\/><\/p>\n<\/div><\/div>\n<\/div>\n\n\n\n<div class=\"wp-block-column is-layout-flow wp-block-column-is-layout-flow\">\n<div class=\"wp-block-media-text is-stacked-on-mobile\" style=\"grid-template-columns:32% auto\"><figure class=\"wp-block-media-text__media\"><img loading=\"lazy\" decoding=\"async\" width=\"194\" height=\"194\" src=\"https:\/\/www.technodat.at\/wp-content\/uploads\/2024\/02\/Icon-Job-Verlauf.png\" alt=\"Jobs\" class=\"wp-image-23391 size-full\" srcset=\"https:\/\/www.technodat.at\/wp-content\/uploads\/2024\/02\/Icon-Job-Verlauf.png 194w, https:\/\/www.technodat.at\/wp-content\/uploads\/2024\/02\/Icon-Job-Verlauf-150x150.png 150w\" sizes=\"auto, (max-width: 194px) 100vw, 194px\" \/><\/figure><div class=\"wp-block-media-text__content\">\n<p>We are always looking for new talent. Interested in joining our team?<br\/><br\/><a href=\"https:\/\/www.technodat.at\/en\/jobs-karriere\/#offene-jobs-1\"><strong>Find out more<\/strong><\/a><\/p>\n<\/div><\/div>\n<\/div>\n<\/div>\n\n<p>back to <a class=\"rank-math-link\" href=\"https:\/\/www.technodat.at\/en\/about-us\/\"><strong>About Us<\/strong><\/a><\/p>\n\n<p><\/p>\n","protected":false},"excerpt":{"rendered":"<p>Your Contact Persons for syneris Many years of experience, technological know-how and business process knowledge in the individual sectors enable our emplo<\/p>\n","protected":false},"author":2,"featured_media":0,"parent":0,"menu_order":0,"comment_status":"closed","ping_status":"closed","template":"","meta":{"footnotes":""},"class_list":["post-21135","page","type-page","status-publish","hentry"],"_links":{"self":[{"href":"https:\/\/www.technodat.at\/en\/wp-json\/wp\/v2\/pages\/21135","targetHints":{"allow":["GET"]}}],"collection":[{"href":"https:\/\/www.technodat.at\/en\/wp-json\/wp\/v2\/pages"}],"about":[{"href":"https:\/\/www.technodat.at\/en\/wp-json\/wp\/v2\/types\/page"}],"author":[{"embeddable":true,"href":"https:\/\/www.technodat.at\/en\/wp-json\/wp\/v2\/users\/2"}],"replies":[{"embeddable":true,"href":"https:\/\/www.technodat.at\/en\/wp-json\/wp\/v2\/comments?post=21135"}],"version-history":[{"count":15,"href":"https:\/\/www.technodat.at\/en\/wp-json\/wp\/v2\/pages\/21135\/revisions"}],"predecessor-version":[{"id":25994,"href":"https:\/\/www.technodat.at\/en\/wp-json\/wp\/v2\/pages\/21135\/revisions\/25994"}],"wp:attachment":[{"href":"https:\/\/www.technodat.at\/en\/wp-json\/wp\/v2\/media?parent=21135"}],"curies":[{"name":"wp","href":"https:\/\/api.w.org\/{rel}","templated":true}]}}